{"id":32,"date":"2015-08-10T22:08:14","date_gmt":"2015-08-10T19:08:14","guid":{"rendered":"http:\/\/www.markacellpatent.com\/markacell\/?page_id=32"},"modified":"2019-11-19T14:17:14","modified_gmt":"2019-11-19T11:17:14","slug":"anasayfa-2","status":"publish","type":"page","link":"https:\/\/markacellpatent.com\/en\/","title":{"rendered":"Marka Tescili | Dan\u0131\u015fmanl\u0131k Hizmetleri | Beylikd\u00fcz\u00fc Patent"},"content":{"rendered":"","protected":false},"excerpt":{"rendered":"","protected":false},"author":1,"featured_media":0,"parent":0,"menu_order":0,"comment_status":"open","ping_status":"open","template":"index.php","meta":[],"_links":{"self":[{"href":"https:\/\/markacellpatent.com\/en\/wp-json\/wp\/v2\/pages\/32"}],"collection":[{"href":"https:\/\/markacellpatent.com\/en\/wp-json\/wp\/v2\/pages"}],"about":[{"href":"https:\/\/markacellpatent.com\/en\/wp-json\/wp\/v2\/types\/page"}],"author":[{"embeddable":true,"href":"https:\/\/markacellpatent.com\/en\/wp-json\/wp\/v2\/users\/1"}],"replies":[{"embeddable":true,"href":"https:\/\/markacellpatent.com\/en\/wp-json\/wp\/v2\/comments?post=32"}],"version-history":[{"count":26,"href":"https:\/\/markacellpatent.com\/en\/wp-json\/wp\/v2\/pages\/32\/revisions"}],"predecessor-version":[{"id":783,"href":"https:\/\/markacellpatent.com\/en\/wp-json\/wp\/v2\/pages\/32\/revisions\/783"}],"wp:attachment":[{"href":"https:\/\/markacellpatent.com\/en\/wp-json\/wp\/v2\/media?parent=32"}],"curies":[{"name":"wp","href":"https:\/\/api.w.org\/{rel}","templated":true}]}}